{"id":80,"date":"2018-08-02T01:17:01","date_gmt":"2018-08-02T01:17:01","guid":{"rendered":"http:\/\/www.insfop.org.ni\/?page_id=80"},"modified":"2018-10-25T20:16:37","modified_gmt":"2018-10-25T20:16:37","slug":"mi-escuela-generadora-de-cambios","status":"publish","type":"page","link":"http:\/\/www.insfop.org.ni\/index.php\/mi-escuela-generadora-de-cambios\/","title":{"rendered":"Mi Escuela Generadora de Cambios"},"content":{"rendered":"<pre><img loading=\"lazy\" class=\"size-medium wp-image-130 aligncenter\" src=\"http:\/\/www.insfop.org.ni\/wp-content\/uploads\/2018\/08\/ESCUELA-300x200.jpg\" alt=\"\" width=\"300\" height=\"200\" srcset=\"http:\/\/www.insfop.org.ni\/wp-content\/uploads\/2018\/08\/ESCUELA-300x200.jpg 300w, http:\/\/www.insfop.org.ni\/wp-content\/uploads\/2018\/08\/ESCUELA-768x512.jpg 768w, http:\/\/www.insfop.org.ni\/wp-content\/uploads\/2018\/08\/ESCUELA.jpg 1000w\" sizes=\"(max-width: 300px) 100vw, 300px\" \/>Con fondos <a href=\"http:\/\/oxfamibis.org\/\">IBIS-DINAMARCA<\/a> a trav\u00e9s de <a href=\"https:\/\/www.oxfamintermon.org\/es\/que-hacemos\/paises\/nicaragua\">OXFAM-INTERMON<\/a><\/pre>\n<p>Objetivos y resultados del proyecto.<\/p>\n<table width=\"987\">\n<tbody>\n<tr>\n<td width=\"740\">\n<p style=\"text-align: justify;\"><strong>Contribuir al cumplimiento de los derechos de Ni\u00f1as, Ni\u00f1os y Adolescentes que realizan trabajo infantil con \u00e9nfasis en educaci\u00f3n y prevenci\u00f3n de la violencia en sus diferentes manifestaciones, incluyendo el medio ambiente, en la comunidad de la Cruz Estel\u00ed.<\/strong><\/p>\n<p style=\"text-align: justify;\">NNA han fortalecido sus conocimientos sobre derechos identificando sus necesidades e intereses de g\u00e9nero.<\/p>\n<p style=\"text-align: justify;\">Creadas las condiciones propias para la implementaci\u00f3n de una estrategia de responsabilidad social empresarial.<\/p>\n<p style=\"text-align: justify;\">Mejorada la convivencia familiar y comunitaria, basada en relaciones de afecto, respeto mutuo y compromiso con la ni\u00f1ez.<\/p>\n<p style=\"text-align: justify;\">Madres y Padres se reconocen ellos y a sus hijos e hijas como sujetos de derecho social y valoran la importancia de promover y hacer cumplir los derechos de la familia especialmente la ni\u00f1ez, proponiendo alternativas para mejorar sus condiciones de vida.<\/p>\n<p style=\"text-align: justify;\">Desarrolladas capacidades t\u00e9cnicas \u2013 laborales, (incluyendo reciclaje) y de emprendedurismo en familias de la comunidad de la Cruz<\/p>\n<p style=\"text-align: justify;\">Mejoradas las habilidades de maestras y maestros en metodolog\u00edas de aprendizaje incluyentes y din\u00e1micas.<\/p>\n<\/td>\n<\/tr>\n<\/tbody>\n<\/table>\n<p><img loading=\"lazy\" class=\"size-medium wp-image-120 alignleft\" src=\"http:\/\/www.insfop.org.ni\/wp-content\/uploads\/2018\/08\/Celebracion-dia-del-ni\u00f1o1-300x200.jpg\" alt=\"\" width=\"300\" height=\"200\" srcset=\"http:\/\/www.insfop.org.ni\/wp-content\/uploads\/2018\/08\/Celebracion-dia-del-ni\u00f1o1-300x200.jpg 300w, http:\/\/www.insfop.org.ni\/wp-content\/uploads\/2018\/08\/Celebracion-dia-del-ni\u00f1o1-768x512.jpg 768w, http:\/\/www.insfop.org.ni\/wp-content\/uploads\/2018\/08\/Celebracion-dia-del-ni\u00f1o1.jpg 1000w\" sizes=\"(max-width: 300px) 100vw, 300px\" \/><\/p>\n<p style=\"text-align: justify;\">Ni\u00f1os y ni\u00f1os del proyecto Mi Escuela Generadora de Cambios, celebrando el d\u00eda del Ni\u00f1o en la comunidad La Cruz Estel\u00ed.<\/p>\n<p>&nbsp;<\/p>\n<p style=\"text-align: justify;\"><img loading=\"lazy\" class=\"size-medium wp-image-118 alignleft\" src=\"http:\/\/www.insfop.org.ni\/wp-content\/uploads\/2018\/08\/PARTICIPACION-EN-ACTIVIDADES1-300x200.jpg\" alt=\"\" width=\"300\" height=\"200\" srcset=\"http:\/\/www.insfop.org.ni\/wp-content\/uploads\/2018\/08\/PARTICIPACION-EN-ACTIVIDADES1-300x200.jpg 300w, http:\/\/www.insfop.org.ni\/wp-content\/uploads\/2018\/08\/PARTICIPACION-EN-ACTIVIDADES1-768x512.jpg 768w, http:\/\/www.insfop.org.ni\/wp-content\/uploads\/2018\/08\/PARTICIPACION-EN-ACTIVIDADES1.jpg 1000w\" sizes=\"(max-width: 300px) 100vw, 300px\" \/><\/p>\n<p>&nbsp;<\/p>\n<p style=\"text-align: justify;\">Participando en actividades del Proyecto.<\/p>\n<p>&nbsp;<\/p>\n<p>&nbsp;<\/p>\n<p style=\"text-align: justify;\"><img loading=\"lazy\" class=\"size-medium wp-image-124 alignleft\" src=\"http:\/\/www.insfop.org.ni\/wp-content\/uploads\/2018\/08\/GRUPO-DE-DANZA1-300x200.jpg\" alt=\"\" width=\"300\" height=\"200\" srcset=\"http:\/\/www.insfop.org.ni\/wp-content\/uploads\/2018\/08\/GRUPO-DE-DANZA1-300x200.jpg 300w, http:\/\/www.insfop.org.ni\/wp-content\/uploads\/2018\/08\/GRUPO-DE-DANZA1-768x512.jpg 768w, http:\/\/www.insfop.org.ni\/wp-content\/uploads\/2018\/08\/GRUPO-DE-DANZA1.jpg 1000w\" sizes=\"(max-width: 300px) 100vw, 300px\" \/><\/p>\n<p style=\"text-align: justify;\">Grupo de danza formado con ni\u00f1os y ni\u00f1as de la escuela San Francisco de As\u00eds de la comunidad La Cruz.<\/p>\n<p>&nbsp;<\/p>\n<p style=\"text-align: justify;\"><img loading=\"lazy\" class=\"size-medium wp-image-126 alignleft\" src=\"http:\/\/www.insfop.org.ni\/wp-content\/uploads\/2018\/08\/OBRA-DE-TEATRO1-300x200.jpg\" alt=\"\" width=\"300\" height=\"200\" srcset=\"http:\/\/www.insfop.org.ni\/wp-content\/uploads\/2018\/08\/OBRA-DE-TEATRO1-300x200.jpg 300w, http:\/\/www.insfop.org.ni\/wp-content\/uploads\/2018\/08\/OBRA-DE-TEATRO1-768x512.jpg 768w, http:\/\/www.insfop.org.ni\/wp-content\/uploads\/2018\/08\/OBRA-DE-TEATRO1.jpg 1000w\" sizes=\"(max-width: 300px) 100vw, 300px\" \/><\/p>\n<p style=\"text-align: justify;\">Grupo de teatro formado con ni\u00f1os y ni\u00f1as de la escuela San Francisco de As\u00eds de la comunidad La Cruz.<\/p>\n<p>&nbsp;<\/p>\n<p style=\"text-align: justify;\"><img loading=\"lazy\" class=\"size-medium wp-image-128 alignleft\" src=\"http:\/\/www.insfop.org.ni\/wp-content\/uploads\/2018\/08\/TALLERES-CEIBO1-300x200.jpg\" alt=\"\" width=\"300\" height=\"200\" srcset=\"http:\/\/www.insfop.org.ni\/wp-content\/uploads\/2018\/08\/TALLERES-CEIBO1-300x200.jpg 300w, http:\/\/www.insfop.org.ni\/wp-content\/uploads\/2018\/08\/TALLERES-CEIBO1-768x512.jpg 768w, http:\/\/www.insfop.org.ni\/wp-content\/uploads\/2018\/08\/TALLERES-CEIBO1.jpg 1000w\" sizes=\"(max-width: 300px) 100vw, 300px\" \/><\/p>\n<p style=\"text-align: justify;\">Talleres de pintura con ni\u00f1os y ni\u00f1as de la comunidad La Cruz, en el marco del Proyecto<\/p>\n","protected":false},"excerpt":{"rendered":"<p>Con fondos IBIS-DINAMARCA a trav\u00e9s de OXFAM-INTERMON Objetivos y resultados del proyecto. Contribuir al cumplimiento de los derechos de Ni\u00f1as, Ni\u00f1os y Adolescentes que realizan trabajo infantil con \u00e9nfasis en educaci\u00f3n y prevenci\u00f3n de la violencia en sus diferentes manifestaciones, incluyendo el medio ambiente, en la comunidad de la Cruz Estel\u00ed. NNA han fortalecido sus &hellip; <a href=\"http:\/\/www.insfop.org.ni\/index.php\/mi-escuela-generadora-de-cambios\/\" class=\"more-link\">Seguir leyendo <span class=\"screen-reader-text\">Mi Escuela Generadora de Cambios<\/span> <span class=\"meta-nav\">&rarr;<\/span><\/a><\/p>\n","protected":false},"author":1,"featured_media":0,"parent":0,"menu_order":0,"comment_status":"closed","ping_status":"closed","template":"","meta":{"jetpack_post_was_ever_published":false},"jetpack_sharing_enabled":true,"jetpack_shortlink":"https:\/\/wp.me\/Paa6kF-1i","_links":{"self":[{"href":"http:\/\/www.insfop.org.ni\/index.php\/wp-json\/wp\/v2\/pages\/80"}],"collection":[{"href":"http:\/\/www.insfop.org.ni\/index.php\/wp-json\/wp\/v2\/pages"}],"about":[{"href":"http:\/\/www.insfop.org.ni\/index.php\/wp-json\/wp\/v2\/types\/page"}],"author":[{"embeddable":true,"href":"http:\/\/www.insfop.org.ni\/index.php\/wp-json\/wp\/v2\/users\/1"}],"replies":[{"embeddable":true,"href":"http:\/\/www.insfop.org.ni\/index.php\/wp-json\/wp\/v2\/comments?post=80"}],"version-history":[{"count":21,"href":"http:\/\/www.insfop.org.ni\/index.php\/wp-json\/wp\/v2\/pages\/80\/revisions"}],"predecessor-version":[{"id":447,"href":"http:\/\/www.insfop.org.ni\/index.php\/wp-json\/wp\/v2\/pages\/80\/revisions\/447"}],"wp:attachment":[{"href":"http:\/\/www.insfop.org.ni\/index.php\/wp-json\/wp\/v2\/media?parent=80"}],"curies":[{"name":"wp","href":"https:\/\/api.w.org\/{rel}","templated":true}]}}