{"id":37,"date":"2018-08-01T00:25:48","date_gmt":"2018-08-01T00:25:48","guid":{"rendered":"http:\/\/www.insfop.org.ni\/?page_id=37"},"modified":"2018-08-10T16:38:50","modified_gmt":"2018-08-10T16:38:50","slug":"mision","status":"publish","type":"page","link":"http:\/\/www.insfop.org.ni\/index.php\/mision\/","title":{"rendered":"MISION"},"content":{"rendered":"<p style=\"text-align: justify;\">Inspirados por valores cristianos contribuimos a la reducci\u00f3n de\u00a0 la marginaci\u00f3n en sus diversas manifestaciones de la poblaci\u00f3n m\u00e1s vulnerable.<\/p>\n<style>div#n2-ss-2{width:1400px;float:left;margin:0px 0px 0px 0px;}html[dir=\"rtl\"] div#n2-ss-2{float:right;}div#n2-ss-2 .n2-ss-slider-1{position:relative;padding-top:0px;padding-right:0px;padding-bottom:0px;padding-left:0px;height:800px;border-style:solid;border-width:0px;border-color:#3e3e3e;border-color:RGBA(62,62,62,1);border-radius:0px;background-clip:padding-box;background-repeat:repeat;background-position:50% 50%;background-size:cover;background-attachment:scroll;}div#n2-ss-2 .n2-ss-slider-background-video-container{position:absolute;left:0;top:0;width:100%;height:100%;overflow:hidden;}div#n2-ss-2 .n2-ss-slider-2{position:relative;width:100%;height:100%;}.x-firefox div#n2-ss-2 .n2-ss-slider-2{opacity:0.99999;}div#n2-ss-2 .n2-ss-slider-3{position:relative;width:100%;height:100%;overflow:hidden;outline:1px solid rgba(0,0,0,0);z-index:10;}div#n2-ss-2 .n2-ss-slide-backgrounds,div#n2-ss-2 .n2-ss-slider-3 > .n-particles-js-canvas-el,div#n2-ss-2 .n2-ss-slider-3 > .n2-ss-divider{position:absolute;left:0;top:0;width:100%;height:100%;}div#n2-ss-2 .n2-ss-slide-backgrounds{z-index:10;}div#n2-ss-2 .n2-ss-slider-3 > .n-particles-js-canvas-el{z-index:12;}div#n2-ss-2 .n2-ss-slide-backgrounds > *{overflow:hidden;}div#n2-ss-2 .n2-ss-slide{position:absolute;top:0;left:0;width:100%;height:100%;z-index:20;display:block;-webkit-backface-visibility:hidden;}div#n2-ss-2 .n2-ss-layers-container{position:relative;width:1400px;height:800px;}div#n2-ss-2 .n2-ss-parallax-clip > .n2-ss-layers-container{position:absolute;right:0;}div#n2-ss-2 .n2-ss-slide{-webkit-perspective:1500px;perspective:1500px;}div#n2-ss-2 .n2-ss-slide-active{z-index:21;}div#n2-ss-2 .nextend-arrow{cursor:pointer;overflow:hidden;line-height:0 !important;z-index:20;}div#n2-ss-2 .nextend-arrow img{position:relative;min-height:0;min-width:0;vertical-align:top;width:auto;height:auto;max-width:100%;max-height:100%;display:inline;}div#n2-ss-2 .nextend-arrow img.n2-arrow-hover-img{display:none;}div#n2-ss-2 .nextend-arrow:HOVER img.n2-arrow-hover-img{display:inline;}div#n2-ss-2 .nextend-arrow:HOVER img.n2-arrow-normal-img{display:none;}div#n2-ss-2 .nextend-arrow-animated{overflow:hidden;}div#n2-ss-2 .nextend-arrow-animated > div{position:relative;width:100%;height:100%;box-sizing:border-box;}div#n2-ss-2 .nextend-arrow-animated .n2-active{position:absolute;}div#n2-ss-2 .nextend-arrow-animated-fade{transition:background 0.3s, opacity 0.4s;}div#n2-ss-2 .nextend-arrow-animated-horizontal > div{transition:all 0.4s;left:0;}div#n2-ss-2 .nextend-arrow-animated-horizontal .n2-active{top:0;}div#n2-ss-2 .nextend-arrow-previous.nextend-arrow-animated-horizontal:HOVER > div,div#n2-ss-2 .nextend-arrow-next.nextend-arrow-animated-horizontal .n2-active{left:-100%;}div#n2-ss-2 .nextend-arrow-previous.nextend-arrow-animated-horizontal .n2-active,div#n2-ss-2 .nextend-arrow-next.nextend-arrow-animated-horizontal:HOVER > div{left:100%;}div#n2-ss-2 .nextend-arrow.nextend-arrow-animated-horizontal:HOVER .n2-active{left:0;}div#n2-ss-2 .nextend-arrow-animated-vertical > div{transition:all 0.4s;top:0;}div#n2-ss-2 .nextend-arrow-animated-vertical .n2-active{left:0;}div#n2-ss-2 .nextend-arrow-animated-vertical .n2-active{top:-100%;}div#n2-ss-2 .nextend-arrow-animated-vertical:HOVER > div{top:100%;}div#n2-ss-2 .nextend-arrow-animated-vertical:HOVER .n2-active{top:0;}div#n2-ss-2 .n2-ss-layer .n2-font-1009-hover{font-family: 'Roboto','Arial';color: #ffffff;font-size:225%;text-shadow: none;line-height: 1.5;font-weight: normal;font-style: normal;text-decoration: none;text-align: center;letter-spacing: normal;word-spacing: normal;text-transform: none;}div#n2-ss-2 .n2-ss-layer .n2-font-1009-hover:HOVER, div#n2-ss-2 .n2-ss-layer .n2-font-1009-hover:ACTIVE, div#n2-ss-2 .n2-ss-layer .n2-font-1009-hover:FOCUS{@tab1}<\/style><div id=\"n2-ss-2-align\" class=\"n2-ss-align\"><div class=\"n2-padding\"><script id=\"n2-ss-2\" data-delay=\"10\" type=\"rocket\/slider\"><div id=\"n2-ss-2\" data-creator=\"Smart Slider 3\" class=\"n2-ss-slider n2-ow n2-has-hover n2notransition n2-ss-load-fade \" data-minFontSizedesktopPortrait=\"4\" data-minFontSizedesktopLandscape=\"4\" data-minFontSizetabletPortrait=\"4\" data-minFontSizetabletLandscape=\"4\" data-minFontSizemobilePortrait=\"4\" data-minFontSizemobileLandscape=\"4\" style=\"font-size: 16px;\" data-fontsize=\"16\">\r\n        <div class=\"n2-ss-slider-1 n2-ss-swipe-element n2-ow\" style=\"\">\r\n                        <div class=\"n2-ss-slider-2 n2-ow\">\r\n                                <div class=\"n2-ss-slider-3 n2-ow\" style=\"\">\r\n\r\n                    <div class=\"n2-ss-slide-backgrounds\"><\/div><div data-first=\"1\" data-slide-duration=\"0\" data-id=\"4\" style=\"\" class=\"n2-ss-slide n2-ss-canvas n2-ow  n2-ss-slide-4\"><div class=\"n2-ss-slide-background n2-ow\" data-mode=\"fill\"><img data-hash=\"15047f934c0a535023400d07a8547bb6\" data-desktop=\"\/\/www.insfop.org.ni\/wp-content\/uploads\/2018\/08\/GRUPO-DE-DANZA1.jpg\" data-blur=\"0\" data-opacity=\"100\" data-x=\"50\" data-y=\"50\" src=\"\/\/www.insfop.org.ni\/wp-content\/uploads\/2018\/08\/GRUPO-DE-DANZA1.jpg\" alt=\"\" \/><\/div><div class=\"n2-ss-layers-container n2-ow\" data-csstextalign=\"center\" style=\"\"><\/div><\/div><div data-slide-duration=\"0\" data-id=\"5\" style=\"\" class=\"n2-ss-slide n2-ss-canvas n2-ow  n2-ss-slide-5\"><div class=\"n2-ss-slide-background n2-ow\" data-mode=\"fill\"><img data-hash=\"86d31044db793fc508bc445eb8501782\" data-desktop=\"\/\/www.insfop.org.ni\/wp-content\/uploads\/2018\/08\/Celebracion-dia-del-ni\u00f1o1.jpg\" data-blur=\"0\" data-opacity=\"100\" data-x=\"50\" data-y=\"50\" src=\"\/\/www.insfop.org.ni\/wp-content\/uploads\/2018\/08\/Celebracion-dia-del-ni\u00f1o1.jpg\" alt=\"\" \/><\/div><div class=\"n2-ss-layers-container n2-ow\" data-csstextalign=\"center\" style=\"\"><div class=\"n2-ss-layer n2-ow\" style=\"overflow:visible;\" data-csstextalign=\"center\" data-has-maxwidth=\"0\" data-desktopportraitmaxwidth=\"0\" data-cssselfalign=\"inherit\" data-desktopportraitselfalign=\"inherit\" data-pm=\"content\" data-desktopportraitpadding=\"10|*|10|*|10|*|10|*|px+\" data-desktopportraitinneralign=\"center\" data-sstype=\"content\" data-hasbackground=\"0\" data-rotation=\"0\" data-desktopportrait=\"1\" data-desktoplandscape=\"1\" data-tabletportrait=\"1\" data-tabletlandscape=\"1\" data-mobileportrait=\"1\" data-mobilelandscape=\"1\" data-adaptivefont=\"1\" data-desktopportraitfontsize=\"100\" data-plugin=\"rendered\"><div class=\"n2-ss-section-main-content n2-ss-layer-content n2-ow\" style=\"padding:0.625em 0.625em 0.625em 0.625em ;\" data-verticalalign=\"flex-end\"><div class=\"n2-ss-layer n2-ow\" style=\"margin:0em 0em 0em 0em ;overflow:visible;\" data-pm=\"normal\" data-desktopportraitmargin=\"0|*|0|*|0|*|0|*|px+\" data-desktopportraitheight=\"0\" data-has-maxwidth=\"0\" data-desktopportraitmaxwidth=\"0\" data-cssselfalign=\"inherit\" data-desktopportraitselfalign=\"inherit\" data-sstype=\"layer\" data-rotation=\"0\" data-desktopportrait=\"1\" data-desktoplandscape=\"1\" data-tabletportrait=\"1\" data-tabletlandscape=\"1\" data-mobileportrait=\"1\" data-mobilelandscape=\"1\" data-adaptivefont=\"0\" data-desktopportraitfontsize=\"100\" data-plugin=\"rendered\"><div id=\"n2-ss-2item1\" class=\"n2-font-1009-hover   n2-ow\" style=\"display:block;\">Juego de Encostalados<\/div><\/div><\/div><\/div><\/div><\/div><div data-slide-duration=\"0\" data-id=\"6\" style=\"\" class=\"n2-ss-slide n2-ss-canvas n2-ow  n2-ss-slide-6\"><div class=\"n2-ss-slide-background n2-ow\" data-mode=\"fill\"><img data-hash=\"ef7288c1bc8af294ff20b9f53280f881\" data-desktop=\"\/\/www.insfop.org.ni\/wp-content\/uploads\/2018\/08\/Reforestacion1.jpg\" data-blur=\"0\" data-opacity=\"100\" data-x=\"50\" data-y=\"50\" src=\"\/\/www.insfop.org.ni\/wp-content\/uploads\/2018\/08\/Reforestacion1.jpg\" alt=\"\" \/><\/div><div class=\"n2-ss-layers-container n2-ow\" data-csstextalign=\"center\" style=\"\"><\/div><\/div><div data-slide-duration=\"0\" data-id=\"8\" style=\"\" class=\"n2-ss-slide n2-ss-canvas n2-ow  n2-ss-slide-8\"><div class=\"n2-ss-slide-background n2-ow\" data-mode=\"fill\"><img data-hash=\"a513f88a2c68e68abac5de7c9451cf0f\" data-desktop=\"\/\/www.insfop.org.ni\/wp-content\/uploads\/2018\/08\/PARTICIPACION-EN-ACTIVIDADES1.jpg\" data-blur=\"0\" data-opacity=\"100\" data-x=\"50\" data-y=\"50\" src=\"\/\/www.insfop.org.ni\/wp-content\/uploads\/2018\/08\/PARTICIPACION-EN-ACTIVIDADES1.jpg\" alt=\"\" \/><\/div><div class=\"n2-ss-layers-container n2-ow\" data-csstextalign=\"center\" style=\"\"><\/div><\/div>                <\/div>\r\n            <\/div>\r\n            <div data-ssleft=\"0+15\" data-sstop=\"height\/2-previousheight\/2\" id=\"n2-ss-2-arrow-previous\" class=\"n2-ss-widget n2-ss-widget-display-desktop n2-ss-widget-display-tablet n2-ss-widget-display-mobile n2-ss-widget-display-hover nextend-arrow n2-ow nextend-arrow-previous  nextend-arrow-animated-fade n2-ib\" style=\"position: absolute;\" role=\"button\" aria-label=\"Previous slide\" tabindex=\"0\"><img class=\"n2-ow\" data-no-lazy=\"1\" data-hack=\"data-lazy-src\" src=\"data:image\/svg+xml;base64,PHN2ZyB3aWR0aD0iMzIiIGhlaWdodD0iMzIiIHZpZXdCb3g9IjAgMCAzMiAzMiIgeG1sbnM9Imh0dHA6Ly93d3cudzMub3JnLzIwMDAvc3ZnIj48cGF0aCBkPSJNMTEuNDMzIDE1Ljk5MkwyMi42OSA1LjcxMmMuMzkzLS4zOS4zOTMtMS4wMyAwLTEuNDItLjM5My0uMzktMS4wMy0uMzktMS40MjMgMGwtMTEuOTggMTAuOTRjLS4yMS4yMS0uMy40OS0uMjg1Ljc2LS4wMTUuMjguMDc1LjU2LjI4NC43N2wxMS45OCAxMC45NGMuMzkzLjM5IDEuMDMuMzkgMS40MjQgMCAuMzkzLS40LjM5My0xLjAzIDAtMS40MmwtMTEuMjU3LTEwLjI5IiBmaWxsPSIjZmZmZmZmIiBvcGFjaXR5PSIwLjgiIGZpbGwtcnVsZT0iZXZlbm9kZCIvPjwvc3ZnPg==\" alt=\"previous arrow\" \/><\/div>\n<div data-ssright=\"0+15\" data-sstop=\"height\/2-nextheight\/2\" id=\"n2-ss-2-arrow-next\" class=\"n2-ss-widget n2-ss-widget-display-desktop n2-ss-widget-display-tablet n2-ss-widget-display-mobile n2-ss-widget-display-hover nextend-arrow n2-ow nextend-arrow-next  nextend-arrow-animated-fade n2-ib\" style=\"position: absolute;\" role=\"button\" aria-label=\"Next slide\" tabindex=\"0\"><img class=\"n2-ow\" data-no-lazy=\"1\" data-hack=\"data-lazy-src\" src=\"data:image\/svg+xml;base64,PHN2ZyB3aWR0aD0iMzIiIGhlaWdodD0iMzIiIHZpZXdCb3g9IjAgMCAzMiAzMiIgeG1sbnM9Imh0dHA6Ly93d3cudzMub3JnLzIwMDAvc3ZnIj48cGF0aCBkPSJNMTAuNzIyIDQuMjkzYy0uMzk0LS4zOS0xLjAzMi0uMzktMS40MjcgMC0uMzkzLjM5LS4zOTMgMS4wMyAwIDEuNDJsMTEuMjgzIDEwLjI4LTExLjI4MyAxMC4yOWMtLjM5My4zOS0uMzkzIDEuMDIgMCAxLjQyLjM5NS4zOSAxLjAzMy4zOSAxLjQyNyAwbDEyLjAwNy0xMC45NGMuMjEtLjIxLjMtLjQ5LjI4NC0uNzcuMDE0LS4yNy0uMDc2LS41NS0uMjg2LS43NkwxMC43MiA0LjI5M3oiIGZpbGw9IiNmZmZmZmYiIG9wYWNpdHk9IjAuOCIgZmlsbC1ydWxlPSJldmVub2RkIi8+PC9zdmc+\" alt=\"next arrow\" \/><\/div>\n        <\/div>\r\n        <\/div><div class=\"n2-clear\"><\/div><\/script><div id=\"n2-ss-2-spinner\" style=\"display: none;\"><div><div class=\"n2-ss-spinner-simple-white-container\"><div class=\"n2-ss-spinner-simple-white\"><\/div><\/div><\/div><\/div><\/div><\/div><div id=\"n2-ss-2-placeholder\" style=\"position: relative;z-index:2;background-color:RGBA(0,0,0,0);max-height:3000px; background-color:RGBA(255,255,255,0);\"><img style=\"width: 100%; max-width:3000px; display: block;opacity:0;\" class=\"n2-ow\" src=\"data:image\/svg+xml;base64,PHN2ZyB4bWxucz0iaHR0cDovL3d3dy53My5vcmcvMjAwMC9zdmciIHZlcnNpb249IjEuMCIgd2lkdGg9IjE0MDAiIGhlaWdodD0iODAwIiA+PC9zdmc+\" alt=\"Slider\" \/><\/div>\n","protected":false},"excerpt":{"rendered":"<p>Inspirados por valores cristianos contribuimos a la reducci\u00f3n de\u00a0 la marginaci\u00f3n en sus diversas manifestaciones de la poblaci\u00f3n m\u00e1s vulnerable.<\/p>\n","protected":false},"author":1,"featured_media":0,"parent":0,"menu_order":0,"comment_status":"closed","ping_status":"closed","template":"","meta":{"jetpack_post_was_ever_published":false},"jetpack_sharing_enabled":true,"jetpack_shortlink":"https:\/\/wp.me\/Paa6kF-B","_links":{"self":[{"href":"http:\/\/www.insfop.org.ni\/index.php\/wp-json\/wp\/v2\/pages\/37"}],"collection":[{"href":"http:\/\/www.insfop.org.ni\/index.php\/wp-json\/wp\/v2\/pages"}],"about":[{"href":"http:\/\/www.insfop.org.ni\/index.php\/wp-json\/wp\/v2\/types\/page"}],"author":[{"embeddable":true,"href":"http:\/\/www.insfop.org.ni\/index.php\/wp-json\/wp\/v2\/users\/1"}],"replies":[{"embeddable":true,"href":"http:\/\/www.insfop.org.ni\/index.php\/wp-json\/wp\/v2\/comments?post=37"}],"version-history":[{"count":8,"href":"http:\/\/www.insfop.org.ni\/index.php\/wp-json\/wp\/v2\/pages\/37\/revisions"}],"predecessor-version":[{"id":560,"href":"http:\/\/www.insfop.org.ni\/index.php\/wp-json\/wp\/v2\/pages\/37\/revisions\/560"}],"wp:attachment":[{"href":"http:\/\/www.insfop.org.ni\/index.php\/wp-json\/wp\/v2\/media?parent=37"}],"curies":[{"name":"wp","href":"https:\/\/api.w.org\/{rel}","templated":true}]}}