{"id":360,"date":"2018-08-09T00:51:53","date_gmt":"2018-08-09T00:51:53","guid":{"rendered":"http:\/\/www.insfop.org.ni\/?page_id=360"},"modified":"2018-08-09T00:54:28","modified_gmt":"2018-08-09T00:54:28","slug":"nuestra-historia","status":"publish","type":"page","link":"http:\/\/www.insfop.org.ni\/index.php\/nuestra-historia\/","title":{"rendered":"Nuestra Historia"},"content":{"rendered":"<p style=\"text-align: center;\"><strong>El Instituto de Formaci\u00f3n Permanente-INSFOP<\/strong><\/p>\n<p style=\"text-align: justify;\">\u00a0Es una organizaci\u00f3n no gubernamental radicada en <a href=\"https:\/\/es.wikipedia.org\/wiki\/Estel\u00ed\">Estel\u00ed.<\/a> Fue en el a\u00f1o 1978 como una alternativa de protecci\u00f3n de la vida y la\u00a0 integridad de los j\u00f3venes cristianos. Para 1983, se inici\u00f3 el trabajo en diez barrios del municipio de Estel\u00ed y treinta comunidades de los departamentos de Estel\u00ed, Madriz y Nueva Segovia. En la d\u00e9cada de los 1990, se atendi\u00f3 la necesidad de los peque\u00f1os productores rurales desplazados, y de desmovilizados del ej\u00e9rcito y de las fuerzas militares irregulares procurando la reinserci\u00f3n social, la protecci\u00f3n y defensa de la tierra y cambiar el modelo de producci\u00f3n existente. A partir de esta necesidad el INSFOP, ajusta su estrategia y crea el\u00a0 \u00e1rea de trabajo denominada Universidad Campesina-UNICAM con acciones sociales y agr\u00edcolas con miras al mejoramiento de las condiciones de vida de la poblaci\u00f3n meta.<\/p>\n<p style=\"text-align: justify;\">Actualmente INSFOP desarrolla proyectos sociales y productivos en las siguientes l\u00edneas de trabajo:<\/p>\n<ul>\n<li style=\"text-align: justify;\"><strong>En el \u00e1rea de Barrios y Comunidades<\/strong> el enfoque est\u00e1 orientado al acompa\u00f1amiento de n\u00facleos familiares en la identificaci\u00f3n del origen de sus problemas, su integraci\u00f3n en la vida social positiva a partir de la oferta de espacios de convivencia entre j\u00f3venes, ni\u00f1os\/as madres y padres.<\/li>\n<li style=\"text-align: justify;\"><strong>Comunicaci\u00f3n y Cultura:<\/strong> promueve el rescate y divulgaci\u00f3n del trabajo a trav\u00e9s de la sistematizaci\u00f3n de experiencias y facilita los procesos de reflexi\u00f3n, espacios de promoci\u00f3n y rescate cultural.<\/li>\n<li style=\"text-align: justify;\"><a href=\"http:\/\/www.insfop.org.ni\/index.php\/unicam\/\"><strong>La Universidad Campesina (UNICAM)<\/strong><\/a>, entendida como la democratizaci\u00f3n y universalizaci\u00f3n de conocimientos, promueve procesos participativos comunitarios que conllevan a profundizar y desarrollar capacidades para mejorar la producci\u00f3n agropecuaria, nutrici\u00f3n y salud de la familia campesina de manera sostenible, adem\u00e1s desarrolla una conciencia ecol\u00f3gica revolucionaria de identidad cultural.<\/li>\n<li style=\"text-align: justify;\"><strong>Pueblos Ind\u00edgenas<\/strong> del norte de Nicaragua trabajando desde el Enfoque Basado en Derechos a fin que dispongan de capacidades para incidir e influenciar a las instituciones del estado y entidades pol\u00edticas del pa\u00eds, para ser respetados sus derechos culturales y pol\u00edticos consignados en las leyes del pa\u00eds. Trabaja con las estructuras organizativas de pueblos ind\u00edgenas de Mozonte, Telpaneca, San Lucas, San Jos\u00e9 de Cusmapa y Totogalpa en funci\u00f3n de establecer di\u00e1logo e incidencia a nivel municipal y resolver problemas de orden pol\u00edtico y econ\u00f3mico.<\/li>\n<\/ul>\n","protected":false},"excerpt":{"rendered":"<p>El Instituto de Formaci\u00f3n Permanente-INSFOP \u00a0Es una organizaci\u00f3n no gubernamental radicada en Estel\u00ed. Fue en el a\u00f1o 1978 como una alternativa de protecci\u00f3n de la vida y la\u00a0 integridad de los j\u00f3venes cristianos. Para 1983, se inici\u00f3 el trabajo en diez barrios del municipio de Estel\u00ed y treinta comunidades de los departamentos de Estel\u00ed, Madriz &hellip; <a href=\"http:\/\/www.insfop.org.ni\/index.php\/nuestra-historia\/\" class=\"more-link\">Seguir leyendo <span class=\"screen-reader-text\">Nuestra Historia<\/span> <span class=\"meta-nav\">&rarr;<\/span><\/a><\/p>\n","protected":false},"author":1,"featured_media":0,"parent":0,"menu_order":0,"comment_status":"closed","ping_status":"closed","template":"","meta":{"jetpack_post_was_ever_published":false},"jetpack_sharing_enabled":true,"jetpack_shortlink":"https:\/\/wp.me\/Paa6kF-5O","_links":{"self":[{"href":"http:\/\/www.insfop.org.ni\/index.php\/wp-json\/wp\/v2\/pages\/360"}],"collection":[{"href":"http:\/\/www.insfop.org.ni\/index.php\/wp-json\/wp\/v2\/pages"}],"about":[{"href":"http:\/\/www.insfop.org.ni\/index.php\/wp-json\/wp\/v2\/types\/page"}],"author":[{"embeddable":true,"href":"http:\/\/www.insfop.org.ni\/index.php\/wp-json\/wp\/v2\/users\/1"}],"replies":[{"embeddable":true,"href":"http:\/\/www.insfop.org.ni\/index.php\/wp-json\/wp\/v2\/comments?post=360"}],"version-history":[{"count":4,"href":"http:\/\/www.insfop.org.ni\/index.php\/wp-json\/wp\/v2\/pages\/360\/revisions"}],"predecessor-version":[{"id":562,"href":"http:\/\/www.insfop.org.ni\/index.php\/wp-json\/wp\/v2\/pages\/360\/revisions\/562"}],"wp:attachment":[{"href":"http:\/\/www.insfop.org.ni\/index.php\/wp-json\/wp\/v2\/media?parent=360"}],"curies":[{"name":"wp","href":"https:\/\/api.w.org\/{rel}","templated":true}]}}